{"id":1183,"date":"2020-02-27T21:19:25","date_gmt":"2020-02-27T20:19:25","guid":{"rendered":"https:\/\/ernest-altes.net\/portfolio\/"},"modified":"2025-12-06T18:40:42","modified_gmt":"2025-12-06T17:40:42","slug":"dossier","status":"publish","type":"page","link":"https:\/\/ernest-altes.net\/es\/dossier\/","title":{"rendered":"Dossier"},"content":{"rendered":"\r\n\r\n\t<h1>\r\n\t\t\t\tDossier\r\n\t\t\t<\/h1>\r\n\t<h2>\r\n\t\t\t\tEsculturas p\u00fablicas\r\n\t\t\t<\/h2>\r\n\t\t\t<a href=\"#\" target=\"_self\"  aria-label=\"mapa\">\r\n\t\t\t\t\t\t\t\tmapa \r\n\t\t\t\t\t\t\t<\/a>\r\n\t\t\t<a href=\"#\" target=\"_self\"  aria-label=\"lista\">\r\n\t\t\t\t\t\t\t\tlista\r\n\t\t\t\t\t\t\t<\/a>\r\n\t\t\t<p><iframe loading=\"lazy\" src=\"https:\/\/umap.openstreetmap.fr\/fr\/map\/ernest-altes_455775#5\/48.859\/7.130?scaleControl=false&amp;miniMap=false&amp;scrollWheelZoom=false&amp;zoomControl=true&amp;allowEdit=false&amp;moreControl=false&amp;searchControl=false&amp;tilelayersControl=false&amp;embedControl=false&amp;datalayersControl=expanded&amp;onLoadPanel=none&amp;captionBar=false&amp;fullscreenControl=true&amp;locateControl=false&amp;measureControl=false&amp;editinosmControl=false\" width=\"100%\" height=\"600px\" frameborder=\"0\" allowfullscreen=\"allowfullscreen\"><\/iframe><\/p>\r\n\t\t<h5>Popup modal &#8211; ID <\/h5>\r\n\t\tHaz clic aqu\u00ed para editar la configuraci\u00f3n del &quot;Popup Modal&quot;. Este texto no ser\u00e1 visible en el frontend.\t\r\n\t<div id=\"astra-portfolio\" class=\"astra-portfolio-wrap astra-portfolio-default astra-portfolio-show-on-click\"\n\tdata-other-categories=\"\"\n\tdata-categories=\"28\"\n\tdata-tags=\"\"\n>\n\t\n\t<!-- All Astra Portfolio -->\n\t<div class=\"astra-portfolio-shortcode-wrap astra-portfolio-grid astra-portfolio astra-portfolio-row\"><\/div><!-- .astra-portfolio -->\n\n<\/div><!-- .astra-portfolio. -->\n\n\t\t\t<script type=\"text\/template\" id=\"tmpl-astra-portfolio-responsive-view\">\n\t\t\t\t<span class=\"responsive-view\">\n\t<span class=\"actions\">\n\t\t<a class=\"desktop\" href=\"#\"><span data-view=\"desktop \" class=\"active dashicons dashicons-desktop\"><\/span><\/a>\n\t\t<a class=\"tablet\" href=\"#\"><span data-view=\"tablet\" class=\"dashicons dashicons-tablet\"><\/span><\/a>\n\t\t<a class=\"mobile\" href=\"#\"><span data-view=\"mobile\" class=\"dashicons dashicons-smartphone\"><\/span><\/a>\n\t<\/span>\n<\/span>\n\t\t\t<\/script>\n\n\t\t\t\t\t\t<script type=\"text\/template\" id=\"tmpl-astra-portfolio-filters\">\n\n\t\t\t\t<# if ( data ) { #>\n\n\t<ul class=\"{{ data.args.wrapper_class }} {{ data.args.class }}\">\n\n\t\t<# if ( data.args.show_all ) { #>\n\t\t\t<li>\n\t\t\t\t<a href=\"#\" data-group=\"all\">\n\t\t\t\t\tAll\t\t\t\t<\/a>\n\t\t\t<\/li>\n\t\t<# } #>\n\n\t\t<# for ( key in data.items ) { #>\n\n\t\t\t<# if ( data.items[ key ].count ) { #>\n\n\t\t\t\t<li>\n\t\t\t\t\t<a href=\"#\" data-group='{{ data.items[ key ].id }}' class=\"{{ data.items[ key ].name }}\">\n\t\t\t\t\t\t{{{ data.items[ key ].name }}}\n\t\t\t\t\t<\/a>\n\t\t\t\t<\/li>\n\n\t\t\t<# } #>\n\n\t\t<# } #>\n\n\t<\/ul>\n<# } #>\n\n\t\t\t<\/script>\n\n\t\t\t\t\t\t<script type=\"text\/template\" id=\"tmpl-astra-portfolio-no-items-found\">\n\n\t\t\t\t<div class=\"astra-portfolio-not-found\">\n\t<p>\n\t\tNo items found.<br\/>\n\t<\/p>\n<\/div>\n\n\t\t\t<\/script>\n\n\t\t\t\t\t\t<script type=\"text\/template\" id=\"tmpl-astra-portfolio-list\">\n\n\t\t\t\t<# if ( data.items.length ) { #>\n\t<# for ( key in data.items ) {\n\n\t\tvar item_classes = '';\n\t\tif( 1 == data.items[ key ]['astra-site-open-in-new-tab'] )\n\t\t{\n\t\t\titem_classes = ' open-in-new-tab ';\n\t\t}\n\n\t\tvar open_in = data.items[ key ]['astra-site-open-portfolio-in'] || '';\n\n\t\titem_classes += ' ' + open_in + ' ';\n\t\tvar style = 'default';\n\t\tvar speed = '1';\n\t\t#>\n\n\t\t<div class=\"site-single {{ item_classes }} astra-portfolio-col-md-3 {{ data.items[ key ]['portfolio-type'] }}\" data-slug=\"{{ data.items[ key ]['slug'] }}\" data-id=\"{{data.items[ key ]['id']}}\" data-portfolio-type=\"{{data.items[ key ]['portfolio-type']}}\">\n\t\t\t<div class=\"inner\">\n\t\t\t\t\t\t\t\t<#\n\t\t\t\tvar css = '';\n\t\t\t\tif( 'style-1' == style && '' !== data.items[ key ]['thumbnail-image-url'] ) {\n\t\t\t\t\tcss = \"background-image:url('\"+data.items[ key ]['thumbnail-image-url']+\"'); \";\n\t\t\t\t\tif( '' !== speed ) {\n\t\t\t\t\t\tcss += \"transition: all ease-in-out \" + speed + \"s;\";\n\t\t\t\t\t}\n\t\t\t\t}\n\n\t\t\t\tvar type = data.items[ key ]['portfolio-type'] || '';\n\n\t\t\t\tswitch( type ) {\n\t\t\t\t\tcase 'page': \n\t\t\t\t\t\t\t\t\tvar permalink = data.items[ key ]['link'] || '';\n\t\t\t\t\t\t\t\t\tvar target = '_blank';\n\t\t\t\t\t\t\t\t\tif( 'same-tab' == open_in )\n\t\t\t\t\t\t\t\t\t{\n\t\t\t\t\t\t\t\t\t\ttarget = '_self';\n\t\t\t\t\t\t\t\t\t}\n\t\t\t\t\t\t\t\t\tif( 'iframe' == open_in )\n\t\t\t\t\t\t\t\t\t{ #>\n\t\t\t\t\t\t\t\t\t\t<span class=\"site-preview\" data-href=\"{{ permalink }}TB_iframe=true&width=600&height=550\" data-title=\"{{ data.items[ key ].title.rendered }}\" style=\"{{css}}\">\n\t\t\t\t\t\t\t\t\t<# } else { #>\n\t\t\t\t\t\t\t\t\t\t<a target=\"{{ target }}\" class=\"site-preview\" title=\"{{ data.items[ key ].title.rendered }}\" href=\"{{{permalink}}}\" data-elementor-open-lightbox=\"no\" style=\"{{css}}\">\n\t\t\t\t\t\t\t\t\t<# } #>\n\t\t\t\t\t\t\t\t\t\t<# if( 'style-1' !== style && '' !== data.items[ key ]['thumbnail-image-url'] ) { #>\n\t\t\t\t\t\t\t\t\t\t\t<img class=\"lazy\" data-src=\"{{ data.items[ key ]['thumbnail-image-url'] }}\" alt=\"{{ data.items[ key ]['thumbnail-image-meta']['alt'] }}\" title=\"{{ data.items[ key ]['thumbnail-image-meta']['title'] }}\" \/>\n\t\t\t\t\t\t\t\t\t\t\t<noscript>\n\t\t\t\t\t\t\t\t\t\t\t\t<img decoding=\"async\" src=\"{{ data.items[ key ]['thumbnail-image-url'] }}\" alt=\"{{ data.items[ key ]['thumbnail-image-meta']['alt'] }}\" title=\"{{ data.items[ key ]['thumbnail-image-meta']['title'] }}\" \/>\n\t\t\t\t\t\t\t\t\t\t\t<\/noscript>\n\t\t\t\t\t\t\t\t\t\t<# } #>\n\t\t\t\t\t\t\t\t\t\t\t\t\t\t\t\t\t\t\t\t<span class=\"view-demo-wrap\">\n\t\t\t\t\t\t\t\t\t\t\t<span class=\"view-demo\"> mirar <\/span>\n\t\t\t\t\t\t\t\t\t\t<\/span>\n\t\t\t\t\t\t\t\t\t\t\t\t\t\t\t\t\t\t\t<# if( 'iframe' == open_in )\n\t\t\t\t\t\t\t\t\t{ #>\n\t\t\t\t\t\t\t\t\t\t<\/span>\n\t\t\t\t\t\t\t\t\t<# } else { #>\n\t\t\t\t\t\t\t\t\t\t<\/a>\n\t\t\t\t\t\t\t\t\t<# }\n\t\t\t\t\t\tbreak;\n\t\t\t\t\tcase 'video': \n\t\t\t\t\t\t\t\t\tvar video_url = data.items[ key ]['portfolio-video-url'] || '';\n\t\t\t\t\t\t\t\t\t#>\t\t\t\t\t\t\t\t\t\t\n\t\t\t\t\t\t\t\t\t<a class=\"site-preview\" title=\"{{ data.items[ key ].title.rendered }}\" href=\"{{{video_url}}}\" data-elementor-open-lightbox=\"no\" style=\"{{css}}\">\n\t\t\t\t\t\t\t\t\t\t<# if( 'style-1' !== style && '' !== data.items[ key ]['thumbnail-image-url'] ) { #>\n\t\t\t\t\t\t\t\t\t\t\t<img class=\"lazy\" data-src=\"{{ data.items[ key ]['thumbnail-image-url'] }}\" alt=\"{{ data.items[ key ]['thumbnail-image-meta']['alt'] }}\" title=\"{{ data.items[ key ]['thumbnail-image-meta']['title'] }}\" \/>\n\t\t\t\t\t\t\t\t\t\t\t<noscript>\n\t\t\t\t\t\t\t\t\t\t\t\t<img decoding=\"async\" src=\"{{ data.items[ key ]['thumbnail-image-url'] }}\" alt=\"{{ data.items[ key ]['thumbnail-image-meta']['alt'] }}\" title=\"{{ data.items[ key ]['thumbnail-image-meta']['title'] }}\" \/>\n\t\t\t\t\t\t\t\t\t\t\t<\/noscript>\n\t\t\t\t\t\t\t\t\t\t<# } #>\n\t\t\t\t\t\t\t\t\t\t\t\t\t\t\t\t\t\t\t\t<span class=\"view-demo-wrap\">\n\t\t\t\t\t\t\t\t\t\t\t<span class=\"view-demo\"> mirar <\/span>\n\t\t\t\t\t\t\t\t\t\t<\/span>\n\t\t\t\t\t\t\t\t\t\t\t\t\t\t\t\t\t\t\t<\/a>\n\t\t\t\t\t\t\t\t\t<#\n\t\t\t\t\t\tbreak;\n\t\t\t\t\tcase 'image': \n\t\t\t\t\t\t\t\t\tvar image_url = data.items[ key ]['lightbox-image-url'] || '';\n\t\t\t\t\t\t\t\t\tif( '' === image_url ) {\n\t\t\t\t\t\t\t\t\t\timage_url = data.items[ key ]['thumbnail-image-url'] || '';\n\t\t\t\t\t\t\t\t\t}\n\t\t\t\t\t\t\t\t\t#>\n\t\t\t\t\t\t\t\t\t<a class=\"site-preview\" title=\"{{ data.items[ key ].title.rendered }}\" href=\"{{{image_url}}}\" data-elementor-open-lightbox=\"no\" style=\"{{css}}\">\n\t\t\t\t\t\t\t\t\t\t<# if( 'style-1' !== style && '' !== data.items[ key ]['thumbnail-image-url'] ) { #>\n\t\t\t\t\t\t\t\t\t\t\t<img class=\"lazy\" data-src=\"{{ data.items[ key ]['thumbnail-image-url'] }}\" alt=\"{{ data.items[ key ]['thumbnail-image-meta']['alt'] }}\" title=\"{{ data.items[ key ]['thumbnail-image-meta']['title'] }}\" \/>\n\t\t\t\t\t\t\t\t\t\t\t<noscript>\n\t\t\t\t\t\t\t\t\t\t\t\t<img decoding=\"async\" src=\"{{ data.items[ key ]['thumbnail-image-url'] }}\" alt=\"{{ data.items[ key ]['thumbnail-image-meta']['alt'] }}\" title=\"{{ data.items[ key ]['thumbnail-image-meta']['title'] }}\" \/>\n\t\t\t\t\t\t\t\t\t\t\t<\/noscript>\n\t\t\t\t\t\t\t\t\t\t<# } #>\n\t\t\t\t\t\t\t\t\t\t\t\t\t\t\t\t\t\t\t\t<span class=\"view-demo-wrap\">\n\t\t\t\t\t\t\t\t\t\t\t<span class=\"view-demo\"> mirar <\/span>\n\t\t\t\t\t\t\t\t\t\t<\/span>\n\t\t\t\t\t\t\t\t\t\t\t\t\t\t\t\t\t\t\t<\/a>\n\t\t\t\t\t\t\t\t\t<#\n\t\t\t\t\t\tbreak;\n\n\t\t\t\t\tcase 'iframe': \n\t\t\t\t\tdefault:\n\n\t\t\t\t\t\t\t\t\tif( 1 == data.items[ key ]['astra-site-open-in-new-tab'] ) { #>\n\t\t\t\t\t\t\t\t\t\t<a class=\"site-preview\" href=\"{{ data.items[ key ]['astra-site-url'] }}\" target=\"_blank\" data-title=\"{{ data.items[ key ].title.rendered }}\" data-elementor-open-lightbox=\"no\" style=\"{{css}}\" aria-label=\"Visit {{ data.items[key].title.rendered }} website\">\n\t\t\t\t\t\t\t\t\t<# } else { #>\n\t\t\t\t\t\t\t\t\t\t<span class=\"site-preview\" data-href=\"{{ data.items[ key ]['astra-site-url'] }}TB_iframe=true&width=600&height=550\" data-title=\"{{ data.items[ key ].title.rendered }}\" style=\"{{css}}\" aria-label=\"Visit {{ data.items[key].title.rendered }} website\">\n\t\t\t\t\t\t\t\t\t<# } #>\n\t\t\t\t\t\t\t\t\t\t<# if( 'style-1' !== style && '' !== data.items[ key ]['thumbnail-image-url'] ) { #>\n\t\t\t\t\t\t\t\t\t\t\t<img class=\"lazy\" data-src=\"{{ data.items[ key ]['thumbnail-image-url'] }}\" alt=\"{{ data.items[ key ]['thumbnail-image-meta']['alt'] }}\" title=\"{{ data.items[ key ]['thumbnail-image-meta']['title'] }}\" \/>\n\t\t\t\t\t\t\t\t\t\t\t<noscript>\n\t\t\t\t\t\t\t\t\t\t\t\t<img decoding=\"async\" src=\"{{ data.items[ key ]['thumbnail-image-url'] }}\" alt=\"{{ data.items[ key ]['thumbnail-image-meta']['alt'] }}\" title=\"{{ data.items[ key ]['thumbnail-image-meta']['title'] }}\" \/>\n\t\t\t\t\t\t\t\t\t\t\t<\/noscript>\n\t\t\t\t\t\t\t\t\t\t<# } #>\n\t\t\t\t\t\t\t\t\t\t\t\t\t\t\t\t\t\t\t\t<span class=\"view-demo-wrap\">\n\t\t\t\t\t\t\t\t\t\t\t<span class=\"view-demo\"> mirar <\/span>\n\t\t\t\t\t\t\t\t\t\t<\/span>\n\t\t\t\t\t\t\t\t\t\t\t\t\t\t\t\t\t\t\t<# if( 1 == data.items[ key ]['astra-site-open-in-new-tab'] ) { #>\n\t\t\t\t\t\t\t\t\t\t<\/a>\n\t\t\t\t\t\t\t\t\t<# } else { #>\n\t\t\t\t\t\t\t\t\t\t<\/span>\n\t\t\t\t\t\t\t\t\t<# }\n\t\t\t\t\t\tbreak;\n\t\t\t\t}\n\t\t\t\t#>\n\t\t\t\t\t\t\t\t\t<div class=\"template-meta\">\n\t\t\t\t\t\t<div class=\"item-title\">\n\t\t\t\t\t\t\t{{{ data.items[ key ].title.rendered }}}\n\t\t\t\t\t\t\t<# if ( data.items[ key ]['astra-site-type'] ) { #>\n\t\t\t\t\t\t\t\t<span class=\"site-type {{data.items[ key ]['astra-site-type']}}\">{{data.items[ key ]['astra-site-type']}}<\/span>\n\t\t\t\t\t\t\t<# } #>\n\t\t\t\t\t\t<\/div>\n\t\t\t\t\t<\/div>\n\t\t\t\t\t\t\t<\/div>\n\t\t<\/div>\n\t<# } #>\n<# } else { #>\n\t<div class=\"astra-portfolio-not-found\">\n\t\t<p>\n\t\t\tNo items found.<br\/>\n\t\t<\/p>\n\t<\/div>\n<# } #>\n\n\t\t\t<\/script>\n\t\t\t\n<script type=\"text\/template\" id=\"tmpl-astra-portfolio-load-more-sites\">\n\t<button class=\"astra-portfolio-load-more-sites\">M\u00c1S FOTOS<\/button>\n<\/script>\n\n<script type=\"text\/template\" id=\"tmpl-astra-portfolio-spinner\">\n\t<span class=\"spinner is-active\"><\/span>\n<\/script>\n\n<script type=\"text\/template\" id=\"tmpl-astra-portfolio-not-found\">\n\t<span class=\"astra-portfolio-not-found\">\n\t\t<p>\n\t\t\tNo items found.<br\/>\n\t\t<\/p>\n\t<\/span>\n<\/script>\n\n<script type=\"text\/template\" id=\"tmpl-astra-portfolio-no-more-demos\">\n\t<span class=\"no-more-demos\">\n\t\t\t<\/span>\n<\/script>\n\r\n\t<h2>\r\n\t\t\t\tEsculturas privadas\r\n\t\t\t<\/h2>\r\n\t\t\t<p>(selecci\u00f3n)<\/p>\t\r\n\t\t<h5>ID de Off &#8211; Canvas<\/h5>\r\n\t\tHaz clic aqu\u00ed para editar la configuraci\u00f3n de &quot;Off &#8211; Canvas&quot;. Este texto no ser\u00e1 visible en el frontend.\t\r\n\t\t\t\t\t\t\t\t\t<ul id=\"menu-portfolio-es\"><li id=\"menu-item-3237\"><a href=\"https:\/\/ernest-altes.net\/es\/dossier\/\">\u2022 DOSSIER \u2022<\/a><\/li>\r\n<li id=\"menu-item-2911\"><a href=\"https:\/\/ernest-altes.net\/es\/esculturas\/volar\/\">2025 &#8211; \u00abVolar\u00bb<\/a><\/li>\r\n<li id=\"menu-item-2859\"><a href=\"https:\/\/ernest-altes.net\/es\/esculturas\/arbre-tribut\/\">2024 &#8211; \u00abArbre\u00bb \u2022 Tribut<\/a><\/li>\r\n<li id=\"menu-item-2609\"><a href=\"https:\/\/ernest-altes.net\/es\/esculturas\/avenir\/\">2023 &#8211; Avenir<\/a><\/li>\r\n<li id=\"menu-item-2610\"><a href=\"https:\/\/ernest-altes.net\/es\/esculturas\/adn-volcanic\/\">2023 &#8211; ADN Volcanic<\/a><\/li>\r\n<li id=\"menu-item-2477\"><a href=\"https:\/\/ernest-altes.net\/es\/esculturas\/devocion\/\">2022 &#8211; Devoci\u00f3n<\/a><\/li>\r\n<li id=\"menu-item-2364\"><a href=\"https:\/\/ernest-altes.net\/es\/esculturas\/mhpresident-lluis-companys-memorial\/\">2021 &#8211; MHPresident  Llu\u00eds Companys &#8211; Memorial<\/a><\/li>\r\n<li id=\"menu-item-2244\"><a href=\"https:\/\/ernest-altes.net\/es\/esculturas\/el-pes-de-la-llum\/\">2020 &#8211; El pes de la llum<\/a><\/li>\r\n<li id=\"menu-item-2213\"><a href=\"https:\/\/ernest-altes.net\/es\/esculturas\/tossal-memorial-escola\/\">2019 &#8211; Tossal (Memorial Escola)<\/a><\/li>\r\n<li id=\"menu-item-2214\"><a href=\"https:\/\/ernest-altes.net\/es\/esculturas\/4-recs\/\">2019 &#8211; 4 Recs<\/a><\/li>\r\n<li id=\"menu-item-2215\"><a href=\"https:\/\/ernest-altes.net\/es\/esculturas\/aquae\/\">2018 &#8211; Aquae<\/a><\/li>\r\n<li id=\"menu-item-2216\"><a href=\"https:\/\/ernest-altes.net\/es\/esculturas\/creu-de-sant-andreu\/\">2018 &#8211; Creu de Sant Andreu<\/a><\/li>\r\n<li id=\"menu-item-2217\"><a href=\"https:\/\/ernest-altes.net\/es\/esculturas\/fia-faia\/\">2017 &#8211; Fia-faia<\/a><\/li>\r\n<li id=\"menu-item-2218\"><a href=\"https:\/\/ernest-altes.net\/es\/esculturas\/natura-humana\/\">2015 &#8211; Natura humana<\/a><\/li>\r\n<li id=\"menu-item-2219\"><a href=\"https:\/\/ernest-altes.net\/es\/esculturas\/abime-fictif\/\">2014 &#8211; Ab\u00eeme fictif<\/a><\/li>\r\n<li id=\"menu-item-2220\"><a href=\"https:\/\/ernest-altes.net\/es\/esculturas\/arado\/\">2012 &#8211; Arado<\/a><\/li>\r\n<li id=\"menu-item-2221\"><a href=\"https:\/\/ernest-altes.net\/es\/esculturas\/cronica-pere-iii-el-c\/\">2010 &#8211; Cr\u00f2nica (Pere III el C.)<\/a><\/li>\r\n<li id=\"menu-item-2222\"><a href=\"https:\/\/ernest-altes.net\/es\/esculturas\/espitllera\/\">2008 &#8211; Espitllera<\/a><\/li>\r\n<li id=\"menu-item-2223\"><a href=\"https:\/\/ernest-altes.net\/es\/esculturas\/tots-els-arbres-del-mon\/\">2008 &#8211; Tots els arbres del m\u00f3n<\/a><\/li>\r\n<li id=\"menu-item-2224\"><a href=\"https:\/\/ernest-altes.net\/es\/esculturas\/claustre-concret\/\">2006 &#8211; Claustre concret<\/a><\/li>\r\n<li id=\"menu-item-2225\"><a href=\"https:\/\/ernest-altes.net\/es\/esculturas\/mirador-de-llevant\/\">2005 &#8211; Mirador de llevant<\/a><\/li>\r\n<li id=\"menu-item-2226\"><a href=\"https:\/\/ernest-altes.net\/es\/esculturas\/diaspora\/\">2004 &#8211; Di\u00e0spora<\/a><\/li>\r\n<li id=\"menu-item-2227\"><a href=\"https:\/\/ernest-altes.net\/es\/esculturas\/genesis-iii\/\">2002 &#8211; G\u00e8nesis III<\/a><\/li>\r\n<li id=\"menu-item-2228\"><a href=\"https:\/\/ernest-altes.net\/es\/esculturas\/tribut\/\">2001 &#8211; Tribut<\/a><\/li>\r\n<li id=\"menu-item-2229\"><a href=\"https:\/\/ernest-altes.net\/es\/esculturas\/anella-de-ingla\/\">2000 &#8211; L&#8217;Anella de l&#8217;Ingla<\/a><\/li>\r\n<li id=\"menu-item-2230\"><a href=\"https:\/\/ernest-altes.net\/es\/esculturas\/porta-de-la-seu\/\">1999 &#8211; Porta (de la Seu)<\/a><\/li>\r\n<li id=\"menu-item-2231\"><a href=\"https:\/\/ernest-altes.net\/es\/esculturas\/creu-de-la-guixa\/\">1999 &#8211; Creu de la Guixa<\/a><\/li>\r\n<li id=\"menu-item-2232\"><a href=\"https:\/\/ernest-altes.net\/es\/esculturas\/tenacitat\/\">1998 &#8211; Tenacitat<\/a><\/li>\r\n<li id=\"menu-item-2233\"><a href=\"https:\/\/ernest-altes.net\/es\/esculturas\/triomf\/\">1998 &#8211; Triomf<\/a><\/li>\r\n<li id=\"menu-item-2234\"><a href=\"https:\/\/ernest-altes.net\/es\/esculturas\/7-creus\/\">1994 &#8211; 7 Creus<\/a><\/li>\r\n<li id=\"menu-item-2235\"><a href=\"https:\/\/ernest-altes.net\/es\/esculturas\/llibre\/\">1994 &#8211; Llibre<\/a><\/li>\r\n<li id=\"menu-item-2236\"><a href=\"https:\/\/ernest-altes.net\/es\/esculturas\/andorra\/\">1993 &#8211; Andorra<\/a><\/li>\r\n<li id=\"menu-item-2237\"><a href=\"https:\/\/ernest-altes.net\/es\/esculturas\/3-creus\/\">1991 &#8211; 3 Creus<\/a><\/li>\r\n<li id=\"menu-item-2238\"><a href=\"https:\/\/ernest-altes.net\/es\/esculturas\/30-10-90-in-deutschland\/\">1990 &#8211; 30.10.90 in Deutschland<\/a><\/li>\r\n<li id=\"menu-item-2239\"><a href=\"https:\/\/ernest-altes.net\/es\/esculturas\/amusic\/\">1987 &#8211; Am\u00fasic<\/a><\/li>\r\n<li id=\"menu-item-2240\"><a href=\"https:\/\/ernest-altes.net\/es\/esculturas\/catalunya\/\">1986 &#8211; Catalunya<\/a><\/li>\r\n<\/ul>\t\t\t\t\t\t\r\n\t\t\r\n","protected":false},"excerpt":{"rendered":"<p>Dossier Esculturas p\u00fablicas mapa lista Popup modal &#8211; ID Haz clic aqu\u00ed para editar la configuraci\u00f3n del &quot;Popup Modal&quot;. Este texto no ser\u00e1 visible en el frontend. Esculturas privadas (selecci\u00f3n) ID de Off &#8211; Canvas Haz clic aqu\u00ed para editar la configuraci\u00f3n de &quot;Off &#8211; Canvas&quot;. Este texto no ser\u00e1 visible en el frontend. \u2022 [&hellip;]<\/p>\n","protected":false},"author":1,"featured_media":0,"parent":0,"menu_order":0,"comment_status":"closed","ping_status":"closed","template":"","meta":{"site-sidebar-layout":"no-sidebar","site-content-layout":"page-builder","ast-site-content-layout":"full-width-container","site-content-style":"unboxed","site-sidebar-style":"unboxed","ast-global-header-display":"","ast-banner-title-visibility":"","ast-main-header-display":"","ast-hfb-above-header-display":"","ast-hfb-below-header-display":"","ast-hfb-mobile-header-display":"","site-post-title":"disabled","ast-breadcrumbs-content":"","ast-featured-img":"disabled","footer-sml-layout":"","ast-disable-related-posts":"","theme-transparent-header-meta":"default","adv-header-id-meta":"","stick-header-meta":"default","header-above-stick-meta":"","header-main-stick-meta":"","header-below-stick-meta":"","astra-migrate-meta-layouts":"set","ast-page-background-enabled":"default","ast-page-background-meta":{"desktop":{"background-color":"","background-image":"","background-repeat":"repeat","background-position":"center center","background-size":"auto","background-attachment":"scroll","background-type":"","background-media":"","overlay-type":"","overlay-color":"","overlay-opacity":"","overlay-gradient":""},"tablet":{"background-color":"","background-image":"","background-repeat":"repeat","background-position":"center center","background-size":"auto","background-attachment":"scroll","background-type":"","background-media":"","overlay-type":"","overlay-color":"","overlay-opacity":"","overlay-gradient":""},"mobile":{"background-color":"","background-image":"","background-repeat":"repeat","background-position":"center center","background-size":"auto","background-attachment":"scroll","background-type":"","background-media":"","overlay-type":"","overlay-color":"","overlay-opacity":"","overlay-gradient":""}},"ast-content-background-meta":{"desktop":{"background-color":"var(--ast-global-color-5)","background-image":"","background-repeat":"repeat","background-position":"center center","background-size":"auto","background-attachment":"scroll","background-type":"","background-media":"","overlay-type":"","overlay-color":"","overlay-opacity":"","overlay-gradient":""},"tablet":{"background-color":"var(--ast-global-color-5)","background-image":"","background-repeat":"repeat","background-position":"center center","background-size":"auto","background-attachment":"scroll","background-type":"","background-media":"","overlay-type":"","overlay-color":"","overlay-opacity":"","overlay-gradient":""},"mobile":{"background-color":"var(--ast-global-color-5)","background-image":"","background-repeat":"repeat","background-position":"center center","background-size":"auto","background-attachment":"scroll","background-type":"","background-media":"","overlay-type":"","overlay-color":"","overlay-opacity":"","overlay-gradient":""}},"footnotes":""},"class_list":["post-1183","page","type-page","status-publish","hentry"],"aioseo_notices":[],"_links":{"self":[{"href":"https:\/\/ernest-altes.net\/es\/wp-json\/wp\/v2\/pages\/1183","targetHints":{"allow":["GET"]}}],"collection":[{"href":"https:\/\/ernest-altes.net\/es\/wp-json\/wp\/v2\/pages"}],"about":[{"href":"https:\/\/ernest-altes.net\/es\/wp-json\/wp\/v2\/types\/page"}],"author":[{"embeddable":true,"href":"https:\/\/ernest-altes.net\/es\/wp-json\/wp\/v2\/users\/1"}],"replies":[{"embeddable":true,"href":"https:\/\/ernest-altes.net\/es\/wp-json\/wp\/v2\/comments?post=1183"}],"version-history":[{"count":3,"href":"https:\/\/ernest-altes.net\/es\/wp-json\/wp\/v2\/pages\/1183\/revisions"}],"predecessor-version":[{"id":3303,"href":"https:\/\/ernest-altes.net\/es\/wp-json\/wp\/v2\/pages\/1183\/revisions\/3303"}],"wp:attachment":[{"href":"https:\/\/ernest-altes.net\/es\/wp-json\/wp\/v2\/media?parent=1183"}],"curies":[{"name":"wp","href":"https:\/\/api.w.org\/{rel}","templated":true}]}}